{"id":300,"date":"2017-04-12T09:40:34","date_gmt":"2017-04-12T08:40:34","guid":{"rendered":"http:\/\/bts.verdelimon.es\/informacion-legal\/"},"modified":"2017-10-06T09:24:15","modified_gmt":"2017-10-06T08:24:15","slug":"informacion-legal","status":"publish","type":"page","link":"https:\/\/www.btsasociados.com\/ca\/informacion-legal\/","title":{"rendered":"Informaci\u00f3 legal"},"content":{"rendered":"<p>Els continguts de la p\u00e0gina \u201chttp:\/\/www.btsasociados.com\u201d\u201d s\u00f3n propietat exclusiva de <strong>BUFETE T. ASOCIADOS, S.L.<\/strong>, domiciliada en Avda. Diagonal, 590, 5\u00b0 1\u00ba (08021 Barcelona), CIF B-60063716 i inscrita en el Registre Mercantil de Barcelona, al tom 22.889, foli 54, full B-44143, la que ostenta els drets d\u2019autor corresponents, aix\u00ed com els de la seva explotaci\u00f3.<\/p>\n<p><strong>BUFETE T. ASOCIADOS, S.L.<\/strong> \u00e9s titular dels drets sobre el contingut, disseny i codi font d\u2019aquesta p\u00e0gina web i, especialment, sobre les fotografies, imatges, textos, marques, noms comercials i dades que s\u2019inclouen. S\u2019adverteix a l\u2019usuari que tals drets estan protegits per la legislaci\u00f3 vigent en la mat\u00e8ria.<\/p>\n<p>La informaci\u00f3 continguda en aquesta p\u00e0gina web haur\u00e0 de ser considerada per l\u2019usuari com a general, informativa i orientadora, tant en relaci\u00f3 amb la seva finalitat com als seus efectes. Aix\u00ed mateix, es tracta d\u2019informaci\u00f3 descriptiva sobre el despatx i els seus membres, aix\u00ed com sobre els serveis que es presten.<\/p>\n<p>En cap cas, aquesta p\u00e0gina web haur\u00e0 de considerar-se com un canal de contractaci\u00f3. Si vost\u00e8 estigu\u00e9s interessat a contractar els serveis de <strong>BUFETE T. ASOCIADOS, S.L.<\/strong>, aix\u00ed com a rebre m\u00e9s informaci\u00f3 ser\u00e0 necessari que contacti amb el despatx a fi de que pugui atendre-li la persona m\u00e9s id\u00f2nia per atendre a les seves necessitats i, si escau, pugui establir-se la corresponent proposta de serveis, per les vies formals previstes per <strong>BUFETE T. ASOCIADOS, S.L.<\/strong><\/p>\n<p><strong>BUFETE T. ASOCIADOS, S.L.<\/strong> rebutja qualsevol responsabilitat per l\u2019\u00fas que pugui fer l\u2019usuari dels continguts existents a la p\u00e0gina web. Aix\u00ed mateix es reserva el dret a actualitzar-los, quan ho estimi convenient, a eliminar-los, limitar-los o impedir l\u2019acc\u00e9s a ells, de manera temporal o definitiva.<\/p>\n<p><strong>BUFETE T. ASOCIADOS, S.L.<\/strong> no es fa responsable dels continguts d\u2019altres p\u00e0gines ni de les expectatives de l\u2019usuari sobre el resultat obtingut en aquesta p\u00e0gina ni dels continguts d\u2019aquelles a les quals pugui accedir des d\u2019enlla\u00e7os o hipervincles existents en aquesta p\u00e0gina web. Per tot aix\u00f2, la informaci\u00f3 facilitada, no comporta cap garantia, expl\u00edcita ni impl\u00edcita, sobre el resultat ni objectiu perseguit durant la navegaci\u00f3 de l\u2019usuari, ni desitjat per l\u2019usuari.<\/p>\n","protected":false},"excerpt":{"rendered":"<p>Els continguts de la p\u00e0gina \u201chttp:\/\/www.btsasociados.com\u201d\u201d s\u00f3n propietat exclusiva de BUFETE T. ASOCIADOS, S.L., domiciliada en Avda. Diagonal, 590, 5\u00b0 1\u00ba (08021 Barcelona), CIF B-60063716&#8230;<\/p>\n","protected":false},"author":1,"featured_media":467,"parent":0,"menu_order":0,"comment_status":"closed","ping_status":"closed","template":"","meta":[],"acf":[],"_links":{"self":[{"href":"https:\/\/www.btsasociados.com\/ca\/wp-json\/wp\/v2\/pages\/300"}],"collection":[{"href":"https:\/\/www.btsasociados.com\/ca\/wp-json\/wp\/v2\/pages"}],"about":[{"href":"https:\/\/www.btsasociados.com\/ca\/wp-json\/wp\/v2\/types\/page"}],"author":[{"embeddable":true,"href":"https:\/\/www.btsasociados.com\/ca\/wp-json\/wp\/v2\/users\/1"}],"replies":[{"embeddable":true,"href":"https:\/\/www.btsasociados.com\/ca\/wp-json\/wp\/v2\/comments?post=300"}],"version-history":[{"count":0,"href":"https:\/\/www.btsasociados.com\/ca\/wp-json\/wp\/v2\/pages\/300\/revisions"}],"wp:featuredmedia":[{"embeddable":true,"href":"https:\/\/www.btsasociados.com\/ca\/wp-json\/wp\/v2\/media\/467"}],"wp:attachment":[{"href":"https:\/\/www.btsasociados.com\/ca\/wp-json\/wp\/v2\/media?parent=300"}],"curies":[{"name":"wp","href":"https:\/\/api.w.org\/{rel}","templated":true}]}}