{"id":290,"date":"2017-01-12T13:09:24","date_gmt":"2017-01-12T12:09:24","guid":{"rendered":"http:\/\/bts.verdelimon.es\/politica-de-privacidad\/"},"modified":"2018-05-25T13:25:04","modified_gmt":"2018-05-25T12:25:04","slug":"politica-de-privacidad","status":"publish","type":"page","link":"https:\/\/www.btsasociados.com\/ca\/politica-de-privacidad\/","title":{"rendered":"Pol\u00edtica de privacidad"},"content":{"rendered":"<p><strong>1.- Objeto de la pol\u00edtica de privacidad<\/strong><\/p>\n<p>La presente Pol\u00edtica de privacidad de BUFETE T. ASOCIADOS SL (En adelante, BtS) regula la obtenci\u00f3n, utilizaci\u00f3n y otras formas de procesamiento de datos personales facilitados por los Usuarios en la presente web o en cualquiera del entorno de Internet de la entidad.<\/p>\n<p>Mediante la implementaci\u00f3n de los formularios incluidos en el website, relativos a servicios prestados por BtS, los usuarios aceptan la inclusi\u00f3n y tratamiento de los datos que proporcionen en un tratamiento de datos de car\u00e1cter personal, del cual es titular BtS pudi\u00e9ndose ejercer los derechos pertinentes seg\u00fan lo expuesto en las siguientes cl\u00e1usulas.<\/p>\n<p>BtS act\u00faa como titular, dinamizadora y gestora de contenidos de la presente Web. BtS\u00a0 informa a los usuarios que cumple con la vigente normativa de protecci\u00f3n de datos, y con car\u00e1cter especial, con el Reglamento (UE) 2016\/679 del Parlamento Europeo y del Consejo de 27 de abril de 2016 relativo a la protecci\u00f3n de las personas f\u00edsicas en lo que respecta al tratamiento de datos personales y a la libre circulaci\u00f3n de estos datos y por el que se deroga la Directiva 95\/46\/CE (en adelante, Reglamento General de Protecci\u00f3n de Datos), y con la Ley 34\/2002, de 11 de julio, de Servicios de la Sociedad de la Informaci\u00f3n y de Comercio Electr\u00f3nico.<\/p>\n<p>Todos los textos legales se encuentran a disposici\u00f3n de los usuarios y\/o interesados en la correspondiente web.<\/p>\n<p><strong>2.- \u00bfQui\u00e9n es responsable del tratamiento de sus datos?<\/strong><\/p>\n<p>BtS es el responsable de la recogida y procesamiento de sus datos personales en relaci\u00f3n con los servicios que la misma presta.<\/p>\n<p>BtS se compromete a respetar y salvaguardar su privacidad y la seguridad de sus datos.<\/p>\n<p>Los datos identificativos del responsable de tratamiento son:<\/p>\n<p>\u2022 BUFETE T. ASOCIADOS SL, con CIF B60063716 y domiciliada en Avda. Diagonal, num. 590, Planta 5, Puerta 1 &#8211; 08021 Barcelona &#8211; (Barcelona).<\/p>\n<p><strong>3.- \u00bfQu\u00e9 datos recogemos?<\/strong><\/p>\n<p>De acuerdo con lo dispuesto en la normativa vigente, BtS s\u00f3lo recoge los datos estrictamente necesarios para ofrecer los servicios derivados de su actividad y dem\u00e1s prestaciones, gestiones y actividades atribuidas por la Ley<\/p>\n<p>.Mediante la presente web, y con el objetivo de prestarle el mejor servicio, BtS capta informaci\u00f3n o datos que pueden identificarle directa o indirectamente como nombre completo y correo electr\u00f3nico.<\/p>\n<p>Se informa a los usuarios, que la informaci\u00f3n que nos facilite en los formularios incluidos en la presente web tiene car\u00e1cter voluntario, si bien la negativa a facilitar los datos solicitados puede comportar la imposibilidad de acceso a los servicios que lo requieran.<\/p>\n<p><strong>4.- \u00bfCon qu\u00e9 finalidad\/es recopilamos sus datos? <\/strong><\/p>\n<p>Las finalidades y base legal para las que recopilamos dichos datos son:<\/p>\n<p>&#8211; Gesti\u00f3n de la relaci\u00f3n contractual que mantenemos con usted, para la cual la base legal es la ejecuci\u00f3n del contrato que nos une.<\/p>\n<p>&#8211; Resoluci\u00f3n de consultas que pueda plantearnos v\u00eda web, siendo la base legal su consentimiento.<\/p>\n<p>Se informa de que no se realizar\u00e1n evaluaciones automatizadas, ni se elaborar\u00e1n perfiles de usuarios.<\/p>\n<p><strong>5.- \u00bfA qu\u00e9 destinatarios se comunicar\u00e1n sus datos?<\/strong><\/p>\n<p>Con el objetivo de obtener la plena satisfacci\u00f3n de nuestros clientes le informamos de que todos los datos que nos ha proporcionado y los que nos facilite a lo largo de su relaci\u00f3n con BtS ser\u00e1n tratados con la m\u00e1xima confidencialidad.<\/p>\n<p>Los datos podr\u00e1n ser comunicados a los siguientes destinatarios:<\/p>\n<p>\u2022 Otras empresas de BtS.<\/p>\n<p>\u2022 Terceros que nos ayudan a proporcionar servicios de Tecnolog\u00edas de la Informaci\u00f3n, como proveedores de plataforma, servicios de alojamiento, mantenimiento y soporte en nuestras bases de datos, as\u00ed como en nuestro software y aplicaciones que pueden contener datos sobre usted.<\/p>\n<p>\u2022 Agencias de publicidad, marketing, medios digitales y redes sociales para ayudarnos a ofrecer publicidad, marketing y campa\u00f1as, para analizar su efectividad y para administrar su contacto y sus preguntas.<\/p>\n<p>\u2022 Terceros que nos ayudan a proporcionar servicios digitales calificaciones y rese\u00f1as, CRM, an\u00e1lisis web y motor de b\u00fasqueda, herramientas de curaci\u00f3n de contenido generado por el usuario.<\/p>\n<p>BtS colaborar\u00e1 para que los terceros cumplan con la legislaci\u00f3n vigente, si bien la responsabilidad ser\u00e1 exigible a los citados terceros.<\/p>\n<p>BtS no vende, alquila o cede los datos personales de los usuarios de estas Web, a excepci\u00f3n del caso que sea necesario para la propia prestaci\u00f3n del servicio.<\/p>\n<p><strong>6.- \u00bfDurante cu\u00e1nto tiempo conservamos sus datos personales?<\/strong><\/p>\n<p>Los datos personales ser\u00e1n conservados mientras el usuario no manifieste lo contrario y por los plazos de conservaci\u00f3n legalmente establecidos, salvo que por motivos l\u00f3gicos y evidentes hayan perdido la utilidad o la finalidad leg\u00edtima para la que fueron captados.<\/p>\n<p><strong>7.- \u00bfCu\u00e1les son los derechos de los usuarios que nos facilitan sus datos?<\/strong><\/p>\n<p>Los usuarios podr\u00e1n ejercitar, respecto de los datos recabados en la forma descrita en el punto primero, los derechos reconocidos en el Reglamento General de Protecci\u00f3n de Datos, y en particular los derechos de portabilidad, acceso, rectificaci\u00f3n, supresi\u00f3n y limitaci\u00f3n al tratamiento.<\/p>\n<p>Los derechos referidos en el p\u00e1rrafo precedente podr\u00e1n ejercitarse por cada usuario mediante solicitud escrita y firmada, acompa\u00f1ada de fotocopia de DNI, NIE o Pasaporte, dirigida a la siguiente direcci\u00f3n Avda. Diagonal, n\u00fam. 590, Planta 5, Puerta 1 &#8211; 08021 Barcelona &#8211; (Barcelona).\u00a0 \u00a0Tambi\u00e9n pueden remitir dicha informaci\u00f3n por correo electr\u00f3nico a la direcci\u00f3n info@btsasociados.com<\/p>\n<p>Asimismo, se hace saber a los usuarios que pueden retirar el consentimiento para el tratamiento de sus datos en cualquier momento, as\u00ed como que pueden presentar reclamaci\u00f3n ante la Autoridad de Control (Agencia Espa\u00f1ola de Protecci\u00f3n de Datos) de considerarlo oportuno.<\/p>\n<p><strong>8.- Comunicaci\u00f3n de incidencia e irregularidades<\/strong><\/p>\n<p>En el caso de existir alguna conducta o situaci\u00f3n que pudiera ser susceptible de generar una incidencia o irregularidad de cualquier clase, se ruega contactar con info@btsasociados.com\u00a0 o a la direcci\u00f3n siguiente Avda. Diagonal, n\u00fam. 590, Planta 5, Puerta 1 &#8211; 08021 Barcelona &#8211; (Barcelona).<\/p>\n<p><strong>9.- Contacto<\/strong><\/p>\n<p>Si tiene cualquier duda o preocupaci\u00f3n acerca de la forma en que tratamos y usamos sus datos personales o desea ejercer cualquiera de los derechos anteriormente descritos, p\u00f3ngase en contacto con BtS o escr\u00edbanos a la siguiente direcci\u00f3n info@btsasociados.com<\/p>\n<p>En los pr\u00f3ximos d\u00edas estar\u00e1 habilitada la direcci\u00f3n de correo electr\u00f3nico de nuestro Delegado de Protecci\u00f3n de Datos que ser\u00e1 dpd@btsasociados.com Mientras tanto para cualquier consulta pueden dirigirse a la anterior direcci\u00f3n de correo electr\u00f3nico.<\/p>\n<p><strong>10.- Compromiso del usuario<\/strong><\/p>\n<p>El usuario es el responsable de la autenticidad de los datos aportados, que sean exactos, actuales y completos para la finalidad que sean aportados, asumiendo la responsabilidad de los da\u00f1os y perjuicios, tanto por lucro cesante como por da\u00f1o emergente, que se pudieran generar por dichas inexactitudes o falsedades. En todo caso, si los datos aportados en los correspondientes formularios fueran titular de un tercero, el usuario se hace \u00fanico responsable de la correcta captaci\u00f3n del consentimiento e informaci\u00f3n al tercero sobre los aspectos reflejados en el presente aviso legal y pol\u00edticas de privacidad.<\/p>\n<p><strong>11.- Responsabilidad de los usuarios por uso y contenido<\/strong><\/p>\n<p>Tanto el acceso a nuestra web, como el uso que pueda realizarse de la informaci\u00f3n y contenidos incluidos en la misma, ser\u00e1 de exclusiva responsabilidad de quien lo realice. Por tanto, el uso que pueda hacerse de la informaci\u00f3n, im\u00e1genes, contenidos y\/o productos rese\u00f1ados y accesibles a trav\u00e9s del mismo, estar\u00e1 supeditada a la legalidad, sea nacional o internacional, aplicable, as\u00ed como a los principios de buena fe y uso l\u00edcito por parte de los usuarios, quienes ser\u00e1n enteramente responsables de dicho acceso y correcto uso. Los usuarios estar\u00e1n obligados a hacer un uso razonable de los servicios o contenidos, bajo el principio de buena fe y con respeto a la legalidad vigente, a la moral, al orden p\u00fablico, a las buenas costumbres, a los derechos de terceros o de la propia empresa, todo ello seg\u00fan las posibilidades y fines para los que est\u00e1n concebidos.<\/p>\n<p>BtS no asume responsabilidades, ya sean directas o indirectas, por da\u00f1o emergente o lucro cesante, derivadas del mal uso de los servicios o contenidos realizado por los Usuarios o terceros.<\/p>\n<p><strong>12.- Informaci\u00f3n LSSI-CE<\/strong><\/p>\n<p>En cumplimiento del deber de informaci\u00f3n contemplado en el art\u00edculo 10 de la vigente Ley 34\/2002, de 11 de julio, de Servicios de la Sociedad de la Informaci\u00f3n y de Comercio Electr\u00f3nico, le comunicamos que la dinamizadora y gestora de contenidos de la Web donde puede descargar diferentes aplicaciones y\/o informaciones es BTS\u00a0 con domicilio en Avda. Diagonal, n\u00fam. 590, Planta 5, Puerta 1 &#8211; 08021 Barcelona &#8211; (Barcelona), y con la gesti\u00f3n del dominio de Internet http:\/\/www.btsasociados.com\/ inscrito en el registro correspondiente, atendiendo a comunicaciones de los usuarios y\/o interesados a trav\u00e9s del e-mail info@btsasociados.com<\/p>\n<p>Cualquier otra actividad comercial, mercantil, administrativa o de contrataci\u00f3n de bienes y\/o servicios es responsabilidad de la sociedad mencionada anteriormente, propietaria de este dominio.<\/p>\n<p><strong>13.- Informaci\u00f3n sobre las cookies<\/strong><\/p>\n<p>Le informamos que utilizamos cookies con el fin de mejorar la experiencia de navegaci\u00f3n en nuestra web y prestarle un mejor servicio. Para obtener m\u00e1s informaci\u00f3n acerca de las cookies y de c\u00f3mo las utilizamos, por favor lea nuestra Pol\u00edtica de Cookies que se encuentra en nuestra web.<\/p>\n<p><strong>14.- Informaci\u00f3n sobre el uso de otras webs y redes sociales<\/strong><\/p>\n<p>La empresa s\u00f3lo se hace responsable de los contenidos y de la gesti\u00f3n de las p\u00e1ginas web de la cual sea ella el titular u ostente un derecho de an\u00e1loga naturaleza. Cualquier otra p\u00e1gina web o red social o repositorio de informaci\u00f3n en Internet, fuera de la presente web, es responsabilidad de sus leg\u00edtimos titulares.<\/p>\n<p>BtS colabora de forma ordinaria con diferentes aplicaciones y entornos Web, y siempre recomienda a todos los usuarios que antes de acceder a dichos entornos web lean atentamente los correspondientes avisos legales y pol\u00edticas de privacidad, y que s\u00f3lo accedan a los mismos una vez hayan comprendido y aceptado en su totalidad dicho texto legal.<\/p>\n<p>BtS se compromete a controlar los contenidos que se expongan en dichas redes sociales y expulsar\u00e1 aquellos usuarios que hagan un uso incorrecto en ellas.<\/p>\n<p>BtS recomienda, siguiendo instrucciones del Instituto Nacional de Tecnolog\u00edas de la Comunicaci\u00f3n (INTECO) y de la Agencia Espa\u00f1ola de Protecci\u00f3n de Datos (AEPD), para el uso de redes sociales o navegaci\u00f3n en entornos Web, la ejecuci\u00f3n de las siguientes acciones:<\/p>\n<p>\u2022 Se recomienda a todos los usuarios recurrir al uso de seud\u00f3nimos o nicks personales con los que operar a trav\u00e9s de Internet, permiti\u00e9ndoles disponer de una aut\u00e9ntica &#8220;identidad digital&#8221;, que no ponga en entredicho la seguridad de su vida personal y profesional.<\/p>\n<p>\u2022 Se recomienda a los usuarios tener especial cuidado a la hora de publicar contenidos audiovisuales y gr\u00e1ficos en sus perfiles, dado que en este caso pueden estar poniendo en riesgo la privacidad e intimidad de personas de su entorno.<\/p>\n<p>\u2022 Se recomienda revisar y leer, tanto en el momento previo al registro de usuario, como posteriormente, las condiciones generales de uso y la pol\u00edtica de privacidad que la plataforma pone a su disposici\u00f3n en sus sitios web.<\/p>\n<p>\u2022 Se recomienda configurar adecuadamente el grado de privacidad del perfil de usuario en la red social, de tal forma que \u00e9ste no sea completamente p\u00fablico, sino que \u00fanicamente tengan acceso a la informaci\u00f3n publicada en el perfil aquellas personas que hayan sido catalogadas como &#8220;amigos&#8221; o &#8220;contactos directos&#8221; previamente por el usuario.<\/p>\n<p>\u2022 Se recomienda aceptar como contacto \u00fanicamente a aquellas personas conocidas o con las que mantiene alguna relaci\u00f3n previa, no aceptando de forma compulsiva todas las solicitudes de contacto que recibe e investigando siempre que fuera posible y necesario, qui\u00e9n es la persona que solicita su contacto a trav\u00e9s de la red social.<\/p>\n<p>\u2022 Se recomienda no publicar en el perfil de usuario informaci\u00f3n de contacto f\u00edsico, que permita a cualquier persona conocer d\u00f3nde vive, d\u00f3nde trabaja o estudia diariamente o los lugares de ocio que suele frecuentar.<\/p>\n<p>\u2022 A los usuarios de herramientas de microblogging se recomienda tener especial cuidado respecto a la publicaci\u00f3n de informaci\u00f3n relativa a los lugares en que se encuentra en todo momento.<\/p>\n<p>\u2022 Se recomienda utilizar y publicar \u00fanicamente contenidos respecto a los que se cuente con los derechos de propiedad intelectual suficientes. En caso contrario, el usuario estar\u00e1 cometiendo un il\u00edcito civil protegible por parte de los tribunales nacionales.<\/p>\n<p>\u2022 Se recomienda a los usuarios emplear diferentes nombres de usuario y contrase\u00f1as para entrar en las distintas redes sociales de las que sea miembro.\u2022 Se recomienda utilizar contrase\u00f1as con una extensi\u00f3n m\u00ednima de 8 caracteres, alfanum\u00e9ricos y con uso de may\u00fasculas y min\u00fasculas.<\/p>\n<p>\u2022 Se recomienda a todos los usuarios disponer en sus equipos de software antivirus instalado y debidamente actualizado.\u2022 Los menores no deben revelar datos personales excesivos. Nunca se deben suministrar los datos a desconocidos.<\/p>\n<p>\u2022 Se debe leer toda la informaci\u00f3n concerniente a la p\u00e1gina web. En ella se explica qui\u00e9nes son los titulares de la misma y la finalidad para la que se solicitan los datos.<\/p>\n<p>\u2022 Si el usuario es menor de catorce a\u00f1os, se necesita tambi\u00e9n el consentimiento de los padres tutores. En estos casos, siempre que se soliciten datos por parte de una red social debe preguntarse a los padres o tutores para ver si ellos aprueban la suscripci\u00f3n o no.<\/p>\n<p>\u2022 No deben comunicarse a terceros los nombres de usuario y contrase\u00f1a, ni compartirlos entre amigos o compa\u00f1eros de clase. Estos datos son privados y no deben ser comunicados a terceros y\/o desconocidos.<\/p>\n<p>\u2022 Siempre que se tenga cualquier duda respecto a alguna situaci\u00f3n que se derive del uso de las redes sociales y herramientas colaboradoras, debe preguntarse a los padres o tutores.<\/p>\n<p>\u2022 Se debe mantener el ordenador en una zona com\u00fan de la casa.<\/p>\n<p>\u2022 Se deben establecer reglas sobre el uso de Internet en casa.<\/p>\n<p>\u2022 Los padres deben conocer el funcionamiento y las posibilidades de este tipo de plataformas, tanto positivas como negativas.<\/p>\n<p>\u2022 Activar el control parental y las herramientas de control de la plataforma, as\u00ed como establecer el correo del padre o tutor como correo de contacto secundario.<\/p>\n<p>\u2022 Asegurarse de que los controles de verificaci\u00f3n de la edad est\u00e1n implementados.<\/p>\n<p>\u2022 Asegurar la correcta instalaci\u00f3n del bloqueador de contenidos.<\/p>\n<p>\u2022 Concienciar e informar a los menores sobre aspectos relativos a la seguridad.<\/p>\n<p>\u2022 Explicar a los menores que nunca han de quedar con personas que hayan conocido en el mundo online y que si lo hacen debe ser siempre en compa\u00f1\u00eda de sus padres o tutores.<\/p>\n<p>\u2022 Asegurarse de que los menores conocen los riesgos e implicaciones de alojar contenidos como v\u00eddeos y fotograf\u00edas, as\u00ed como el uso de c\u00e1maras web a trav\u00e9s de las redes sociales.<\/p>\n<p>\u2022 Controlar el perfil de usuario del menor.<\/p>\n<p>\u2022 Asegurarse de que el menor s\u00f3lo accede a las p\u00e1ginas recomendadas para su edad.<\/p>\n<p>\u2022 Asegurarse de que los menores no utilizan su nombre completo.<\/p>\n<p>La presente pol\u00edtica de privacidad podr\u00e1 variar con el tiempo debido a los posibles cambios legislativos, jurisprudenciales o de los criterios seguidos por la Agencia Espa\u00f1ola de Protecci\u00f3n de Datos y\/o la autoridad competente en cada momento. Es por ello por lo que BtS se reserva el derecho a modificar el presente aviso legal. En este caso, BtS anunciar\u00e1 en la presente Web, los cambios introducidos con la suficiente antelaci\u00f3n a su puesta en pr\u00e1ctica.<\/p>\n","protected":false},"excerpt":{"rendered":"<p>1.- Objeto de la pol\u00edtica de privacidad La presente Pol\u00edtica de privacidad de BUFETE T. ASOCIADOS SL (En adelante, BtS) regula la obtenci\u00f3n, utilizaci\u00f3n y&#8230;<\/p>\n","protected":false},"author":1,"featured_media":467,"parent":0,"menu_order":0,"comment_status":"closed","ping_status":"closed","template":"","meta":[],"acf":[],"_links":{"self":[{"href":"https:\/\/www.btsasociados.com\/ca\/wp-json\/wp\/v2\/pages\/290"}],"collection":[{"href":"https:\/\/www.btsasociados.com\/ca\/wp-json\/wp\/v2\/pages"}],"about":[{"href":"https:\/\/www.btsasociados.com\/ca\/wp-json\/wp\/v2\/types\/page"}],"author":[{"embeddable":true,"href":"https:\/\/www.btsasociados.com\/ca\/wp-json\/wp\/v2\/users\/1"}],"replies":[{"embeddable":true,"href":"https:\/\/www.btsasociados.com\/ca\/wp-json\/wp\/v2\/comments?post=290"}],"version-history":[{"count":0,"href":"https:\/\/www.btsasociados.com\/ca\/wp-json\/wp\/v2\/pages\/290\/revisions"}],"wp:featuredmedia":[{"embeddable":true,"href":"https:\/\/www.btsasociados.com\/ca\/wp-json\/wp\/v2\/media\/467"}],"wp:attachment":[{"href":"https:\/\/www.btsasociados.com\/ca\/wp-json\/wp\/v2\/media?parent=290"}],"curies":[{"name":"wp","href":"https:\/\/api.w.org\/{rel}","templated":true}]}}